{"id":161,"date":"2026-02-05T11:54:14","date_gmt":"2026-02-05T10:54:14","guid":{"rendered":"https:\/\/billotblanche.fr\/?page_id=161"},"modified":"2026-02-05T13:42:48","modified_gmt":"2026-02-05T12:42:48","slug":"mon-accompagnement","status":"publish","type":"page","link":"https:\/\/billotblanche.fr\/index.php\/a-propos\/mon-accompagnement\/","title":{"rendered":"Mon accompagnement"},"content":{"rendered":"\n<p class=\"has-text-align-center has-large-font-size\">Mon accompagnement se fait autour des <strong>sujets qui me sont chers<\/strong>, afin que vos probl\u00e9matiques puissent \u00eatre <strong>bien prises en charge<\/strong>.<\/p>\n\n\n<div class=\"wp-block-image\">\n<figure class=\"aligncenter size-large\"><img loading=\"lazy\" decoding=\"async\" width=\"1024\" height=\"428\" src=\"https:\/\/billotblanche.fr\/wp-content\/uploads\/2026\/02\/B-1-1024x428.png\" alt=\"\" class=\"wp-image-163\" srcset=\"https:\/\/billotblanche.fr\/wp-content\/uploads\/2026\/02\/B-1-1024x428.png 1024w, https:\/\/billotblanche.fr\/wp-content\/uploads\/2026\/02\/B-1-300x125.png 300w, https:\/\/billotblanche.fr\/wp-content\/uploads\/2026\/02\/B-1-768x321.png 768w, https:\/\/billotblanche.fr\/wp-content\/uploads\/2026\/02\/B-1-1536x642.png 1536w, https:\/\/billotblanche.fr\/wp-content\/uploads\/2026\/02\/B-1-2048x856.png 2048w\" sizes=\"auto, (max-width: 1024px) 100vw, 1024px\" \/><\/figure>\n<\/div>\n\n\n<div style=\"height:39px\" aria-hidden=\"true\" class=\"wp-block-spacer\"><\/div>\n\n\n\n<div class=\"wp-block-buttons is-content-justification-center is-layout-flex wp-container-core-buttons-is-layout-16018d1d wp-block-buttons-is-layout-flex\">\n<div class=\"wp-block-button\"><a class=\"wp-block-button__link has-theme-palette-10-background-color has-background wp-element-button\" href=\"https:\/\/www.doctolib.fr\/psychologue\/la-ferriere\/blanche-billot\/booking\/motives?specialityId=14&amp;telehealth=false&amp;placeId=practice-751181&amp;\" style=\"border-top-left-radius:22px;border-top-right-radius:22px;border-bottom-left-radius:22px;border-bottom-right-radius:22px\" target=\"_blank\" rel=\"noreferrer noopener\">Prendre rendez-vous<\/a><\/div>\n<\/div>\n\n\n<div class=\"wp-block-image\">\n<figure class=\"aligncenter size-large is-resized has-custom-border\"><img loading=\"lazy\" decoding=\"async\" width=\"1024\" height=\"768\" src=\"http:\/\/billotblanche.fr\/wp-content\/uploads\/2026\/02\/1000023373-1-1024x768.jpg\" alt=\"Cabinet Blanche Billot Psy Vend\u00e9e\" class=\"wp-image-189\" style=\"border-top-left-radius:60px;border-top-right-radius:60px;border-bottom-left-radius:60px;border-bottom-right-radius:60px;aspect-ratio:1.3307342430149447;width:526px;height:auto\" srcset=\"https:\/\/billotblanche.fr\/wp-content\/uploads\/2026\/02\/1000023373-1-1024x768.jpg 1024w, https:\/\/billotblanche.fr\/wp-content\/uploads\/2026\/02\/1000023373-1-300x225.jpg 300w, https:\/\/billotblanche.fr\/wp-content\/uploads\/2026\/02\/1000023373-1-768x576.jpg 768w, https:\/\/billotblanche.fr\/wp-content\/uploads\/2026\/02\/1000023373-1-1536x1152.jpg 1536w, https:\/\/billotblanche.fr\/wp-content\/uploads\/2026\/02\/1000023373-1-2048x1536.jpg 2048w\" sizes=\"auto, (max-width: 1024px) 100vw, 1024px\" \/><\/figure>\n<\/div>\n\n\n<p class=\"has-text-align-center\">Vous avez besoin d&rsquo;une aide imm\u00e9diate ? <br>Vous ne trouvez pas votre probl\u00e9matique dans mon accompagnement ? <br>Vous d\u00e9sirez compl\u00e9ter ma prise en charge ?<br>Consultez l&rsquo;annuaire pratique<\/p>\n\n\n\n<div class=\"wp-block-buttons is-content-justification-center is-layout-flex wp-container-core-buttons-is-layout-16018d1d wp-block-buttons-is-layout-flex\">\n<div class=\"wp-block-button\"><a class=\"wp-block-button__link wp-element-button\" href=\"https:\/\/billotblanche.fr\/index.php\/ou-trouver-de-laide\/\" style=\"border-top-left-radius:23px;border-top-right-radius:23px;border-bottom-left-radius:23px;border-bottom-right-radius:23px\">par ici<\/a><\/div>\n<\/div>\n","protected":false},"excerpt":{"rendered":"<p>Mon accompagnement se fait autour des sujets qui me sont chers, afin que vos probl\u00e9matiques puissent \u00eatre bien prises en charge. Vous avez besoin d&rsquo;une aide imm\u00e9diate ? Vous ne trouvez pas votre probl\u00e9matique dans mon accompagnement ? Vous d\u00e9sirez compl\u00e9ter ma prise en charge ?Consultez l&rsquo;annuaire pratique<\/p>\n","protected":false},"author":1,"featured_media":0,"parent":165,"menu_order":2,"comment_status":"closed","ping_status":"closed","template":"","meta":{"_kad_post_transparent":"","_kad_post_title":"","_kad_post_layout":"","_kad_post_sidebar_id":"","_kad_post_content_style":"","_kad_post_vertical_padding":"","_kad_post_feature":"","_kad_post_feature_position":"","_kad_post_header":false,"_kad_post_footer":false,"_kad_post_classname":"","footnotes":""},"class_list":["post-161","page","type-page","status-publish","hentry"],"_links":{"self":[{"href":"https:\/\/billotblanche.fr\/index.php\/wp-json\/wp\/v2\/pages\/161","targetHints":{"allow":["GET"]}}],"collection":[{"href":"https:\/\/billotblanche.fr\/index.php\/wp-json\/wp\/v2\/pages"}],"about":[{"href":"https:\/\/billotblanche.fr\/index.php\/wp-json\/wp\/v2\/types\/page"}],"author":[{"embeddable":true,"href":"https:\/\/billotblanche.fr\/index.php\/wp-json\/wp\/v2\/users\/1"}],"replies":[{"embeddable":true,"href":"https:\/\/billotblanche.fr\/index.php\/wp-json\/wp\/v2\/comments?post=161"}],"version-history":[{"count":4,"href":"https:\/\/billotblanche.fr\/index.php\/wp-json\/wp\/v2\/pages\/161\/revisions"}],"predecessor-version":[{"id":205,"href":"https:\/\/billotblanche.fr\/index.php\/wp-json\/wp\/v2\/pages\/161\/revisions\/205"}],"up":[{"embeddable":true,"href":"https:\/\/billotblanche.fr\/index.php\/wp-json\/wp\/v2\/pages\/165"}],"wp:attachment":[{"href":"https:\/\/billotblanche.fr\/index.php\/wp-json\/wp\/v2\/media?parent=161"}],"curies":[{"name":"wp","href":"https:\/\/api.w.org\/{rel}","templated":true}]}}