{"id":25,"date":"2026-01-22T12:41:22","date_gmt":"2026-01-22T11:41:22","guid":{"rendered":"https:\/\/billotblanche.fr\/index.php\/home\/"},"modified":"2026-02-16T15:34:56","modified_gmt":"2026-02-16T14:34:56","slug":"bonjour","status":"publish","type":"page","link":"https:\/\/billotblanche.fr\/","title":{"rendered":"Bonjour"},"content":{"rendered":"\n<div class=\"wp-block-columns is-layout-flex wp-container-core-columns-is-layout-9d6595d7 wp-block-columns-is-layout-flex\">\n<div class=\"wp-block-column is-layout-flow wp-block-column-is-layout-flow\">\n<figure class=\"wp-block-image size-large has-custom-border\"><img loading=\"lazy\" decoding=\"async\" width=\"1024\" height=\"772\" src=\"http:\/\/billotblanche.fr\/wp-content\/uploads\/2026\/01\/100002259123-1024x772.jpg\" alt=\"\" class=\"wp-image-74\" style=\"border-top-left-radius:60px;border-top-right-radius:60px;border-bottom-left-radius:60px;border-bottom-right-radius:60px\" srcset=\"https:\/\/billotblanche.fr\/wp-content\/uploads\/2026\/01\/100002259123-1024x772.jpg 1024w, https:\/\/billotblanche.fr\/wp-content\/uploads\/2026\/01\/100002259123-300x226.jpg 300w, https:\/\/billotblanche.fr\/wp-content\/uploads\/2026\/01\/100002259123-768x579.jpg 768w, https:\/\/billotblanche.fr\/wp-content\/uploads\/2026\/01\/100002259123-1536x1158.jpg 1536w, https:\/\/billotblanche.fr\/wp-content\/uploads\/2026\/01\/100002259123-2048x1545.jpg 2048w\" sizes=\"auto, (max-width: 1024px) 100vw, 1024px\" \/><\/figure>\n\n\n\n<blockquote class=\"wp-block-quote is-layout-flow wp-block-quote-is-layout-flow\">\n<div class=\"wp-block-buttons is-content-justification-center is-layout-flex wp-container-core-buttons-is-layout-16018d1d wp-block-buttons-is-layout-flex\">\n<div class=\"wp-block-button\"><a class=\"wp-block-button__link has-theme-palette-10-background-color has-background wp-element-button\" href=\"https:\/\/billotblanche.fr\/index.php\/qui-suis-je\/\" style=\"border-top-left-radius:30px;border-top-right-radius:30px;border-bottom-left-radius:30px;border-bottom-right-radius:30px\">Qui suis-je ?<\/a><\/div>\n<\/div>\n\n\n\n<p class=\"has-text-align-center\">Psychologue Clinicienne et Hypnoth\u00e9rapeute<\/p>\n<\/blockquote>\n<\/div>\n\n\n\n<div class=\"wp-block-column is-layout-flow wp-block-column-is-layout-flow\">\n<figure class=\"wp-block-image size-large is-resized\"><img loading=\"lazy\" decoding=\"async\" width=\"1024\" height=\"788\" src=\"https:\/\/billotblanche.fr\/wp-content\/uploads\/2026\/02\/B-1-2-1024x788.png\" alt=\"\" class=\"wp-image-203\" style=\"aspect-ratio:1.3028221644898395;width:562px;height:auto\" srcset=\"https:\/\/billotblanche.fr\/wp-content\/uploads\/2026\/02\/B-1-2-1024x788.png 1024w, https:\/\/billotblanche.fr\/wp-content\/uploads\/2026\/02\/B-1-2-300x231.png 300w, https:\/\/billotblanche.fr\/wp-content\/uploads\/2026\/02\/B-1-2-768x591.png 768w, https:\/\/billotblanche.fr\/wp-content\/uploads\/2026\/02\/B-1-2-1536x1182.png 1536w, https:\/\/billotblanche.fr\/wp-content\/uploads\/2026\/02\/B-1-2-2048x1576.png 2048w\" sizes=\"auto, (max-width: 1024px) 100vw, 1024px\" \/><\/figure>\n\n\n\n<div class=\"wp-block-buttons is-content-justification-center is-layout-flex wp-container-core-buttons-is-layout-16018d1d wp-block-buttons-is-layout-flex\">\n<div class=\"wp-block-button\"><a class=\"wp-block-button__link has-theme-palette-10-background-color has-background wp-element-button\" href=\"https:\/\/www.doctolib.fr\/psychologue\/la-ferriere\/blanche-billot\/booking\/motives?specialityId=14&amp;telehealth=false&amp;placeId=practice-751181&amp;\" style=\"border-top-left-radius:30px;border-top-right-radius:30px;border-bottom-left-radius:30px;border-bottom-right-radius:30px\" target=\"_blank\" rel=\"noreferrer noopener\">Prendre rendez-vous<\/a><\/div>\n<\/div>\n\n\n\n<blockquote class=\"wp-block-quote is-layout-flow wp-block-quote-is-layout-flow\">\n<p class=\"has-text-align-center\">Acc\u00e8s PMR, parking gratuit<\/p>\n<\/blockquote>\n<\/div>\n<\/div>\n\n\n\n<p class=\"has-text-align-center\" style=\"font-size:25px\">La <strong>relation<\/strong> est au fondement de ma pratique professionnelle. Chacun a le droit de se sentir <strong>respect\u00e9, \u00e9cout\u00e9 et accompagn\u00e9<\/strong> dans son v\u00e9cu personnel et relationnel. <\/p>\n\n\n\n<p class=\"has-text-align-center\" style=\"font-size:25px\">Mon travail consiste \u00e0 \u00eatre cette interlocutrice <strong>pr\u00e9sente, disponible et soutenante<\/strong>. Mes outils de travail sont l&rsquo;entretien et l&rsquo;hypnoth\u00e9rapie ; ce sont des pratiques <strong>respectueuses des personnes et de leurs besoins<\/strong>. Mais l&rsquo;atout principal \u00e0 une bonne psychoth\u00e9rapie c&rsquo;est <strong>vous-m\u00eame<\/strong> car nous travaillerons ensemble, avec ce que vous \u00eates, avec ce que je suis.<\/p>\n\n\n\n<div class=\"wp-block-buttons is-content-justification-center is-layout-flex wp-container-core-buttons-is-layout-16018d1d wp-block-buttons-is-layout-flex\">\n<div class=\"wp-block-button\"><a class=\"wp-block-button__link has-theme-palette-10-background-color has-background wp-element-button\" href=\"https:\/\/billotblanche.fr\/index.php\/a-propos\/mon-accompagnement\/\" style=\"border-top-left-radius:30px;border-top-right-radius:30px;border-bottom-left-radius:30px;border-bottom-right-radius:30px\">D\u00e9couvrir mon accompagnement<\/a><\/div>\n<\/div>\n\n\n\n<p><\/p>\n","protected":false},"excerpt":{"rendered":"<p>Psychologue Clinicienne et Hypnoth\u00e9rapeute Acc\u00e8s PMR, parking gratuit La relation est au fondement de ma pratique professionnelle. Chacun a le droit de se sentir respect\u00e9, \u00e9cout\u00e9 et accompagn\u00e9 dans son v\u00e9cu personnel et relationnel. Mon travail consiste \u00e0 \u00eatre cette interlocutrice pr\u00e9sente, disponible et soutenante. Mes outils de travail sont l&rsquo;entretien et l&rsquo;hypnoth\u00e9rapie ; ce&#8230;<\/p>\n","protected":false},"author":1,"featured_media":0,"parent":0,"menu_order":0,"comment_status":"closed","ping_status":"closed","template":"","meta":{"_kad_post_transparent":"","_kad_post_title":"","_kad_post_layout":"","_kad_post_sidebar_id":"","_kad_post_content_style":"","_kad_post_vertical_padding":"","_kad_post_feature":"","_kad_post_feature_position":"","_kad_post_header":false,"_kad_post_footer":false,"_kad_post_classname":"","footnotes":""},"class_list":["post-25","page","type-page","status-publish","hentry"],"_links":{"self":[{"href":"https:\/\/billotblanche.fr\/index.php\/wp-json\/wp\/v2\/pages\/25","targetHints":{"allow":["GET"]}}],"collection":[{"href":"https:\/\/billotblanche.fr\/index.php\/wp-json\/wp\/v2\/pages"}],"about":[{"href":"https:\/\/billotblanche.fr\/index.php\/wp-json\/wp\/v2\/types\/page"}],"author":[{"embeddable":true,"href":"https:\/\/billotblanche.fr\/index.php\/wp-json\/wp\/v2\/users\/1"}],"replies":[{"embeddable":true,"href":"https:\/\/billotblanche.fr\/index.php\/wp-json\/wp\/v2\/comments?post=25"}],"version-history":[{"count":26,"href":"https:\/\/billotblanche.fr\/index.php\/wp-json\/wp\/v2\/pages\/25\/revisions"}],"predecessor-version":[{"id":210,"href":"https:\/\/billotblanche.fr\/index.php\/wp-json\/wp\/v2\/pages\/25\/revisions\/210"}],"wp:attachment":[{"href":"https:\/\/billotblanche.fr\/index.php\/wp-json\/wp\/v2\/media?parent=25"}],"curies":[{"name":"wp","href":"https:\/\/api.w.org\/{rel}","templated":true}]}}