{"id":86,"date":"2026-01-22T13:48:38","date_gmt":"2026-01-22T12:48:38","guid":{"rendered":"https:\/\/billotblanche.fr\/?page_id=86"},"modified":"2026-01-30T20:33:05","modified_gmt":"2026-01-30T19:33:05","slug":"faq","status":"publish","type":"page","link":"https:\/\/billotblanche.fr\/index.php\/faq\/","title":{"rendered":"FAQ"},"content":{"rendered":"\n<p><\/p>\n\n\n\n<div class=\"wp-block-media-text is-stacked-on-mobile is-image-fill-element\" style=\"grid-template-columns:22% auto\"><figure class=\"wp-block-media-text__media\"><img loading=\"lazy\" decoding=\"async\" width=\"1024\" height=\"1024\" src=\"https:\/\/billotblanche.fr\/wp-content\/uploads\/2026\/01\/B-5-1024x1024.png\" alt=\"\" class=\"wp-image-107 size-full\" style=\"object-position:50% 50%\" srcset=\"https:\/\/billotblanche.fr\/wp-content\/uploads\/2026\/01\/B-5-1024x1024.png 1024w, https:\/\/billotblanche.fr\/wp-content\/uploads\/2026\/01\/B-5-300x300.png 300w, https:\/\/billotblanche.fr\/wp-content\/uploads\/2026\/01\/B-5-150x150.png 150w, https:\/\/billotblanche.fr\/wp-content\/uploads\/2026\/01\/B-5-768x768.png 768w, https:\/\/billotblanche.fr\/wp-content\/uploads\/2026\/01\/B-5-1536x1536.png 1536w, https:\/\/billotblanche.fr\/wp-content\/uploads\/2026\/01\/B-5.png 2000w\" sizes=\"auto, (max-width: 1024px) 100vw, 1024px\" \/><\/figure><div class=\"wp-block-media-text__content\">\n<p class=\"has-large-font-size\"><strong>Pourquoi consulter un psychologue ?<\/strong><\/p>\n\n\n\n<p>Le psychologue est une aide et un soutien. Vous pouvez faire appel \u00e0 lui quand vous sentez la n\u00e9cessit\u00e9 d&rsquo;\u00eatre en relation avec quelqu&rsquo;un d&rsquo;autre en vue d&rsquo;un changement ou en vue de travailler sur des probl\u00e9matiques particuli\u00e8res. De plus, dipl\u00f4m\u00e9 d&rsquo;Etat, le psychologue est un professionnel aux outils reconnus et valid\u00e9s par l&rsquo;Institution de Sant\u00e9 et par les patients eux-m\u00eames.<br><\/p>\n<\/div><\/div>\n\n\n\n<div style=\"height:30px\" aria-hidden=\"true\" class=\"wp-block-spacer\"><\/div>\n\n\n\n<div class=\"wp-block-media-text has-media-on-the-right is-stacked-on-mobile is-image-fill-element\" style=\"grid-template-columns:auto 32%\"><div class=\"wp-block-media-text__content\">\n<p class=\"has-large-font-size\"><strong>Je n&rsquo;ose pas faire le pas<\/strong><\/p>\n\n\n\n<p>L&rsquo;important est de ne pas oublier qu&rsquo;\u00e0 chaque instant vous restez acteur et ma\u00eetre de votre suivi th\u00e9rapeutique. Ce qui vous freine pour entreprendre une th\u00e9rapie est sans doute ce qui vous freine dans la vie de tous les jours, ce quelque chose qui vous emp\u00eache d&rsquo;\u00eatre pleinement vous-m\u00eame. Le psychologue est disponible pour r\u00e9pondre \u00e0 vos questions et vous accompagner mais il ne pourra pas faire ce premier pas \u00e0 votre place. Oui il faut avoir parfois du courage pour venir en th\u00e9rapie, mais l&rsquo;enjeu en vaut sans doute la peine.<br><\/p>\n<\/div><figure class=\"wp-block-media-text__media\"><img loading=\"lazy\" decoding=\"async\" width=\"1024\" height=\"1024\" src=\"https:\/\/billotblanche.fr\/wp-content\/uploads\/2026\/01\/B-6-1024x1024.png\" alt=\"\" class=\"wp-image-108 size-full\" style=\"object-position:50% 50%\" srcset=\"https:\/\/billotblanche.fr\/wp-content\/uploads\/2026\/01\/B-6-1024x1024.png 1024w, https:\/\/billotblanche.fr\/wp-content\/uploads\/2026\/01\/B-6-300x300.png 300w, https:\/\/billotblanche.fr\/wp-content\/uploads\/2026\/01\/B-6-150x150.png 150w, https:\/\/billotblanche.fr\/wp-content\/uploads\/2026\/01\/B-6-768x768.png 768w, https:\/\/billotblanche.fr\/wp-content\/uploads\/2026\/01\/B-6-1536x1536.png 1536w, https:\/\/billotblanche.fr\/wp-content\/uploads\/2026\/01\/B-6.png 2000w\" sizes=\"auto, (max-width: 1024px) 100vw, 1024px\" \/><\/figure><\/div>\n\n\n\n<div style=\"height:30px\" aria-hidden=\"true\" class=\"wp-block-spacer\"><\/div>\n\n\n\n<div class=\"wp-block-media-text is-stacked-on-mobile is-image-fill-element\" style=\"grid-template-columns:27% auto\"><figure class=\"wp-block-media-text__media\"><img loading=\"lazy\" decoding=\"async\" width=\"1024\" height=\"1024\" src=\"https:\/\/billotblanche.fr\/wp-content\/uploads\/2026\/01\/B-7-1024x1024.png\" alt=\"\" class=\"wp-image-109 size-full\" style=\"object-position:50% 50%\" srcset=\"https:\/\/billotblanche.fr\/wp-content\/uploads\/2026\/01\/B-7-1024x1024.png 1024w, https:\/\/billotblanche.fr\/wp-content\/uploads\/2026\/01\/B-7-300x300.png 300w, https:\/\/billotblanche.fr\/wp-content\/uploads\/2026\/01\/B-7-150x150.png 150w, https:\/\/billotblanche.fr\/wp-content\/uploads\/2026\/01\/B-7-768x768.png 768w, https:\/\/billotblanche.fr\/wp-content\/uploads\/2026\/01\/B-7-1536x1536.png 1536w, https:\/\/billotblanche.fr\/wp-content\/uploads\/2026\/01\/B-7.png 2000w\" sizes=\"auto, (max-width: 1024px) 100vw, 1024px\" \/><\/figure><div class=\"wp-block-media-text__content\">\n<p class=\"has-large-font-size\"><strong>J&rsquo;ai peur de l&rsquo;hypnose. Je ne veux pas qu&rsquo;on me manipule!<\/strong><\/p>\n\n\n\n<p>Comme d\u00e9crit dans l&rsquo;onglet \u00ab <a href=\"https:\/\/billotblanche.fr\/index.php\/qui-suis-je\/\" data-type=\"page\" data-id=\"90\" target=\"_blank\" rel=\"noreferrer noopener\">Qui suis-je<\/a> \u00bb, l&rsquo;hypnose est profond\u00e9ment respectueuse du fonctionnement naturel de votre psychisme. En aucun cas elle n&rsquo;est une prise de pouvoir du professionnel sur vous-m\u00eame. Votre acceptation volontaire et votre confiance sont les crit\u00e8res n\u00e9cessaires pour une bonne hypnoth\u00e9rapie. N&rsquo;h\u00e9sitez pas \u00e0 faire part de vos craintes et de vos r\u00e9ticences \u00e0 votre psychologue d\u00e8s le premier entretien.<\/p>\n<\/div><\/div>\n\n\n\n<div class=\"wp-block-media-text has-media-on-the-right is-stacked-on-mobile is-image-fill-element\" style=\"grid-template-columns:auto 30%\"><div class=\"wp-block-media-text__content\">\n<p class=\"has-large-font-size\"><strong>Oups j&rsquo;ai oubli\u00e9 le rendez-vous !<\/strong><\/p>\n\n\n\n<p>A\u00efe ! C&rsquo;est g\u00eanant pour votre psychologue qui a des charges \u00e0 payer. Un rendez-vous oubli\u00e9 ou annul\u00e9 moins de 48h avant, est d\u00fb et factur\u00e9 lors de la prochaine s\u00e9ance.<\/p>\n<\/div><figure class=\"wp-block-media-text__media\"><img loading=\"lazy\" decoding=\"async\" width=\"1024\" height=\"1024\" src=\"https:\/\/billotblanche.fr\/wp-content\/uploads\/2026\/01\/B-8-1024x1024.png\" alt=\"\" class=\"wp-image-110 size-full\" style=\"object-position:50% 50%\" srcset=\"https:\/\/billotblanche.fr\/wp-content\/uploads\/2026\/01\/B-8-1024x1024.png 1024w, https:\/\/billotblanche.fr\/wp-content\/uploads\/2026\/01\/B-8-300x300.png 300w, https:\/\/billotblanche.fr\/wp-content\/uploads\/2026\/01\/B-8-150x150.png 150w, https:\/\/billotblanche.fr\/wp-content\/uploads\/2026\/01\/B-8-768x768.png 768w, https:\/\/billotblanche.fr\/wp-content\/uploads\/2026\/01\/B-8-1536x1536.png 1536w, https:\/\/billotblanche.fr\/wp-content\/uploads\/2026\/01\/B-8.png 2000w\" sizes=\"auto, (max-width: 1024px) 100vw, 1024px\" \/><\/figure><\/div>\n\n\n\n<div class=\"wp-block-media-text is-stacked-on-mobile is-image-fill-element\" style=\"grid-template-columns:23% auto\"><figure class=\"wp-block-media-text__media\"><img loading=\"lazy\" decoding=\"async\" width=\"1024\" height=\"1024\" src=\"https:\/\/billotblanche.fr\/wp-content\/uploads\/2026\/01\/B-9-1024x1024.png\" alt=\"\" class=\"wp-image-111 size-full\" style=\"object-position:50% 50%\" srcset=\"https:\/\/billotblanche.fr\/wp-content\/uploads\/2026\/01\/B-9-1024x1024.png 1024w, https:\/\/billotblanche.fr\/wp-content\/uploads\/2026\/01\/B-9-300x300.png 300w, https:\/\/billotblanche.fr\/wp-content\/uploads\/2026\/01\/B-9-150x150.png 150w, https:\/\/billotblanche.fr\/wp-content\/uploads\/2026\/01\/B-9-768x768.png 768w, https:\/\/billotblanche.fr\/wp-content\/uploads\/2026\/01\/B-9-1536x1536.png 1536w, https:\/\/billotblanche.fr\/wp-content\/uploads\/2026\/01\/B-9.png 2000w\" sizes=\"auto, (max-width: 1024px) 100vw, 1024px\" \/><\/figure><div class=\"wp-block-media-text__content\">\n<p class=\"has-large-font-size\"><strong>Je peux vous payer \u00e0 la s\u00e9ance prochaine ?<\/strong><\/p>\n\n\n\n<p>Le tarif est calcul\u00e9 au juste prix en fonction des charges mat\u00e9rielles et sociales, du salaire du psychologue\u2026 Certes ce dernier a le souci de votre vie psychique mais il doit pouvoir vivre aussi de son travail. Il est en droit d&rsquo;annuler le suivi en cas d&rsquo;impay\u00e9.<\/p>\n<\/div><\/div>\n\n\n\n<div style=\"height:29px\" aria-hidden=\"true\" class=\"wp-block-spacer\"><\/div>\n\n\n\n<div class=\"wp-block-buttons is-content-justification-center is-layout-flex wp-container-core-buttons-is-layout-16018d1d wp-block-buttons-is-layout-flex\">\n<div class=\"wp-block-button\"><a class=\"wp-block-button__link has-theme-palette-10-background-color has-background wp-element-button\" href=\"https:\/\/www.doctolib.fr\/psychologue\/la-ferriere\/blanche-billot\/booking\/motives?specialityId=14&amp;telehealth=false&amp;placeId=practice-751181&amp;\" style=\"border-style:none;border-width:0px;border-top-left-radius:30px;border-top-right-radius:30px;border-bottom-left-radius:30px;border-bottom-right-radius:30px\" target=\"_blank\" rel=\"noreferrer noopener\">Je saute le pas<\/a><\/div>\n<\/div>\n\n\n\n<p><\/p>\n","protected":false},"excerpt":{"rendered":"<p>Pourquoi consulter un psychologue ? Le psychologue est une aide et un soutien. Vous pouvez faire appel \u00e0 lui quand vous sentez la n\u00e9cessit\u00e9 d&rsquo;\u00eatre en relation avec quelqu&rsquo;un d&rsquo;autre en vue d&rsquo;un changement ou en vue de travailler sur des probl\u00e9matiques particuli\u00e8res. De plus, dipl\u00f4m\u00e9 d&rsquo;Etat, le psychologue est un professionnel aux outils reconnus&#8230;<\/p>\n","protected":false},"author":1,"featured_media":0,"parent":0,"menu_order":0,"comment_status":"closed","ping_status":"closed","template":"","meta":{"_kad_post_transparent":"","_kad_post_title":"","_kad_post_layout":"","_kad_post_sidebar_id":"","_kad_post_content_style":"","_kad_post_vertical_padding":"","_kad_post_feature":"","_kad_post_feature_position":"","_kad_post_header":false,"_kad_post_footer":false,"_kad_post_classname":"","footnotes":""},"class_list":["post-86","page","type-page","status-publish","hentry"],"_links":{"self":[{"href":"https:\/\/billotblanche.fr\/index.php\/wp-json\/wp\/v2\/pages\/86","targetHints":{"allow":["GET"]}}],"collection":[{"href":"https:\/\/billotblanche.fr\/index.php\/wp-json\/wp\/v2\/pages"}],"about":[{"href":"https:\/\/billotblanche.fr\/index.php\/wp-json\/wp\/v2\/types\/page"}],"author":[{"embeddable":true,"href":"https:\/\/billotblanche.fr\/index.php\/wp-json\/wp\/v2\/users\/1"}],"replies":[{"embeddable":true,"href":"https:\/\/billotblanche.fr\/index.php\/wp-json\/wp\/v2\/comments?post=86"}],"version-history":[{"count":7,"href":"https:\/\/billotblanche.fr\/index.php\/wp-json\/wp\/v2\/pages\/86\/revisions"}],"predecessor-version":[{"id":157,"href":"https:\/\/billotblanche.fr\/index.php\/wp-json\/wp\/v2\/pages\/86\/revisions\/157"}],"wp:attachment":[{"href":"https:\/\/billotblanche.fr\/index.php\/wp-json\/wp\/v2\/media?parent=86"}],"curies":[{"name":"wp","href":"https:\/\/api.w.org\/{rel}","templated":true}]}}