{"id":88,"date":"2026-01-22T13:49:07","date_gmt":"2026-01-22T12:49:07","guid":{"rendered":"https:\/\/billotblanche.fr\/?page_id=88"},"modified":"2026-02-16T15:30:47","modified_gmt":"2026-02-16T14:30:47","slug":"ou-trouver-de-laide","status":"publish","type":"page","link":"https:\/\/billotblanche.fr\/index.php\/ou-trouver-de-laide\/","title":{"rendered":"O\u00f9 trouver de l&rsquo;aide ?"},"content":{"rendered":"\n<p class=\"has-text-align-center has-large-font-size\"><strong>Institutions<\/strong><\/p>\n\n\n\n<p class=\"has-text-align-center has-medium-font-size\"><a href=\"https:\/\/www.psychologue-legislation.com\/pdf\/code_deontologie_psychologues_2021.pdf\" target=\"_blank\" rel=\"noreferrer noopener\">Code de d\u00e9ontologie du Coll\u00e8ge des Psychologues<br><\/a><a href=\"https:\/\/ffpp.net\/\/\" target=\"_blank\" rel=\"noreferrer noopener\">F\u00e9d\u00e9ration Fran\u00e7aise de Psychologie et de Psychoth\u00e9rapie<\/a><\/p>\n\n\n\n<p class=\"has-text-align-center has-large-font-size\"><strong>Soutien et Ecoute<\/strong><\/p>\n\n\n\n<p class=\"has-text-align-center has-medium-font-size\"><a href=\"https:\/\/www.filsantejeunes.com\/\">Fil Sant\u00e9 Jeunes<\/a> (\u00e9coute pour les 12-25 ans)<br><a href=\"https:\/\/www.sosamitie.org\/\">SOS Amiti\u00e9<\/a> (\u00e9coute pour tous 24h\/24)<br><a href=\"https:\/\/www.nightline.fr\/\">Nightline France<\/a> (\u00e9coute par\/pour les \u00e9tudiants)<\/p>\n\n\n\n<p class=\"has-text-align-center has-large-font-size\"><strong>Sant\u00e9 Mentale<\/strong><\/p>\n\n\n\n<p class=\"has-text-align-center has-medium-font-size\"><a href=\"https:\/\/www.psycom.org\/\" target=\"_blank\" rel=\"noreferrer noopener\">Psycom<\/a> (informations)<br><a href=\"https:\/\/www.sante.fr\/\" target=\"_blank\" rel=\"noreferrer noopener\">Sante.fr<\/a> (annuaire)<\/p>\n\n\n\n<p class=\"has-text-align-center has-large-font-size\"><strong>Urgences et Num\u00e9ros Utiles<\/strong><\/p>\n\n\n\n<p class=\"has-text-align-center has-medium-font-size\">Num\u00e9ro nationale de pr\u00e9vention du suicide : 3114<br>SAMU : 15<br>Ligne d&rsquo;\u00e9coute pour les seniors : 0800474788<br><a href=\"https:\/\/www.service-public.gouv.fr\/particuliers\/vosdroits\/F12544\" target=\"_blank\" rel=\"noreferrer noopener\">Num\u00e9ro national d&rsquo;\u00e9coute et d&rsquo;orientation pour les femmes victimes de violence<\/a> : 3919<br><a href=\"https:\/\/www.allo119.gouv.fr\/\" target=\"_blank\" rel=\"noreferrer noopener\">Num\u00e9ro national de l&rsquo;enfance en danger<\/a> : 119<br>Num\u00e9ro d&rsquo;\u00e9coute deuil et soutien : 0142380808<br><\/p>\n\n\n\n<p class=\"has-text-align-center has-large-font-size\"><strong>Associations Sp\u00e9cialis\u00e9es<\/strong><\/p>\n\n\n\n<p class=\"has-text-align-center has-medium-font-size\"><a href=\"https:\/\/solidaritefemmes.org\/\" target=\"_blank\" rel=\"noreferrer noopener\">F\u00e9d\u00e9ration Nationale Solidarit\u00e9 Femmes<br><\/a><a href=\"https:\/\/www.fondation-st-matthieu.org\/?utm_source=google&amp;utm_medium=cpc&amp;utm_campaign=Fondation%20catholique&amp;utm_id=1620399596&amp;gad_source=1&amp;gad_campaignid=1620399596&amp;gbraid=0AAAAADgZXBTL08KMQMFF2cZaW2ToCJS_Z&amp;gclid=EAIaIQobChMIpvSG2aWfkgMV8X1BAh0QdhxaEAAYASAAEgI5R_D_BwE\" target=\"_blank\" rel=\"noreferrer noopener\">Fondation pour l&rsquo;Enfance<br><\/a><a href=\"https:\/\/www.petitsfreresdespauvres.fr\/\" data-type=\"link\" data-id=\"https:\/\/www.petitsfreresdespauvres.fr\/\" target=\"_blank\" rel=\"noreferrer noopener\">Petits Fr\u00e8res des Pauvres<br><\/a><a href=\"https:\/\/francedepression.fr\/\" data-type=\"link\" data-id=\"https:\/\/francedepression.fr\/\" target=\"_blank\" rel=\"noreferrer noopener\">France D\u00e9pression<br><\/a><a href=\"https:\/\/www.france-victimes.fr\/\" target=\"_blank\" rel=\"noreferrer noopener\">France Victimes<br><\/a><a href=\"https:\/\/www.trauma-aid-france.org\/page\/866956-l-association\" target=\"_blank\" rel=\"noreferrer noopener\">France Trauma<br><\/a><a href=\"https:\/\/www.schizo-oui.com\/\" target=\"_blank\" rel=\"noreferrer noopener\">Schizo ? Oui!<br><\/a><a href=\"https:\/\/www.autisme-france.fr\/\" target=\"_blank\" rel=\"noreferrer noopener\">Autisme France<br><\/a><a href=\"https:\/\/addictions-france.org\/\" data-type=\"link\" data-id=\"https:\/\/addictions-france.org\/\">Addiction France<\/a><\/p>\n\n\n\n<p><\/p>\n","protected":false},"excerpt":{"rendered":"<p>Institutions Code de d\u00e9ontologie du Coll\u00e8ge des PsychologuesF\u00e9d\u00e9ration Fran\u00e7aise de Psychologie et de Psychoth\u00e9rapie Soutien et Ecoute Fil Sant\u00e9 Jeunes (\u00e9coute pour les 12-25 ans)SOS Amiti\u00e9 (\u00e9coute pour tous 24h\/24)Nightline France (\u00e9coute par\/pour les \u00e9tudiants) Sant\u00e9 Mentale Psycom (informations)Sante.fr (annuaire) Urgences et Num\u00e9ros Utiles Num\u00e9ro nationale de pr\u00e9vention du suicide : 3114SAMU : 15Ligne d&rsquo;\u00e9coute&#8230;<\/p>\n","protected":false},"author":1,"featured_media":0,"parent":0,"menu_order":0,"comment_status":"closed","ping_status":"closed","template":"","meta":{"_kad_post_transparent":"","_kad_post_title":"","_kad_post_layout":"","_kad_post_sidebar_id":"","_kad_post_content_style":"","_kad_post_vertical_padding":"","_kad_post_feature":"","_kad_post_feature_position":"","_kad_post_header":false,"_kad_post_footer":false,"_kad_post_classname":"","footnotes":""},"class_list":["post-88","page","type-page","status-publish","hentry"],"_links":{"self":[{"href":"https:\/\/billotblanche.fr\/index.php\/wp-json\/wp\/v2\/pages\/88","targetHints":{"allow":["GET"]}}],"collection":[{"href":"https:\/\/billotblanche.fr\/index.php\/wp-json\/wp\/v2\/pages"}],"about":[{"href":"https:\/\/billotblanche.fr\/index.php\/wp-json\/wp\/v2\/types\/page"}],"author":[{"embeddable":true,"href":"https:\/\/billotblanche.fr\/index.php\/wp-json\/wp\/v2\/users\/1"}],"replies":[{"embeddable":true,"href":"https:\/\/billotblanche.fr\/index.php\/wp-json\/wp\/v2\/comments?post=88"}],"version-history":[{"count":4,"href":"https:\/\/billotblanche.fr\/index.php\/wp-json\/wp\/v2\/pages\/88\/revisions"}],"predecessor-version":[{"id":209,"href":"https:\/\/billotblanche.fr\/index.php\/wp-json\/wp\/v2\/pages\/88\/revisions\/209"}],"wp:attachment":[{"href":"https:\/\/billotblanche.fr\/index.php\/wp-json\/wp\/v2\/media?parent=88"}],"curies":[{"name":"wp","href":"https:\/\/api.w.org\/{rel}","templated":true}]}}