{"id":90,"date":"2026-01-22T13:51:02","date_gmt":"2026-01-22T12:51:02","guid":{"rendered":"https:\/\/billotblanche.fr\/?page_id=90"},"modified":"2026-02-24T11:16:23","modified_gmt":"2026-02-24T10:16:23","slug":"qui-suis-je","status":"publish","type":"page","link":"https:\/\/billotblanche.fr\/index.php\/a-propos\/qui-suis-je\/","title":{"rendered":"Qui suis-je ?"},"content":{"rendered":"<div class=\"wp-block-image\">\n<figure class=\"aligncenter size-large is-resized has-custom-border\"><img loading=\"lazy\" decoding=\"async\" width=\"1024\" height=\"772\" src=\"http:\/\/billotblanche.fr\/wp-content\/uploads\/2026\/01\/100002259123-1024x772.jpg\" alt=\"\" class=\"wp-image-74\" style=\"border-top-left-radius:60px;border-top-right-radius:60px;border-bottom-left-radius:60px;border-bottom-right-radius:60px;width:654px;height:auto\" srcset=\"https:\/\/billotblanche.fr\/wp-content\/uploads\/2026\/01\/100002259123-1024x772.jpg 1024w, https:\/\/billotblanche.fr\/wp-content\/uploads\/2026\/01\/100002259123-300x226.jpg 300w, https:\/\/billotblanche.fr\/wp-content\/uploads\/2026\/01\/100002259123-768x579.jpg 768w, https:\/\/billotblanche.fr\/wp-content\/uploads\/2026\/01\/100002259123-1536x1158.jpg 1536w, https:\/\/billotblanche.fr\/wp-content\/uploads\/2026\/01\/100002259123-2048x1545.jpg 2048w\" sizes=\"auto, (max-width: 1024px) 100vw, 1024px\" \/><\/figure>\n<\/div>\n\n\n<blockquote class=\"wp-block-quote is-layout-flow wp-block-quote-is-layout-flow\">\n<div class=\"wp-block-group is-vertical is-layout-flex wp-container-core-group-is-layout-8cf370e7 wp-block-group-is-layout-flex\">\n<p>\u00ab\u00a0Quand vous regardez votre jardin, vous pouvez pr\u00eater attention soit aux fleurs, soit aux mauvaises herbes\u00a0\u00bb <em>M. Erickson (promoteur de l&rsquo;hypnoth\u00e9rapie)<\/em><\/p>\n<\/div>\n<\/blockquote>\n\n\n\n<p><\/p>\n\n\n\n<p><\/p>\n\n\n\n<p class=\"has-text-align-center has-large-font-size\"><strong>Philosophie humaniste<\/strong><\/p>\n\n\n\n<p class=\"has-text-align-left\">Form\u00e9e durant ma licence \u00e0 l&rsquo;anthropologie j&rsquo;ai acquis une compr\u00e9hension plus fine de l&rsquo;\u00eatre humain. Les cours d&rsquo;\u00e9thique m&rsquo;ont renforc\u00e9e dans le respect de chaque personne dans son individualit\u00e9 et dans sa dimension relationnelle.<br><\/p>\n\n\n\n<p class=\"has-text-align-center has-large-font-size\"><strong>Psychologie clinique<\/strong><\/p>\n\n\n\n<p class=\"has-text-align-left\">Form\u00e9e \u00e0 l&rsquo;<a href=\"https:\/\/u-paris.fr\/\" target=\"_blank\" rel=\"noreferrer noopener\">Universit\u00e9 de Paris &#8211; Ren\u00e9 Descartes<\/a> dans un Master de Psychologie clinique et psychopathologie j&rsquo;ai les acquis n\u00e9cessaires pour accompagner et travailler sur les rapports avec soi-m\u00eame, avec les autres, avec le monde. La gestion des \u00e9motions, du stress, le v\u00e9cu de la douleur, du deuil, du non-sens sont les ressources que je souhaite mettre \u00e0 votre disposition. Le format de l&rsquo;entretien conversationnel est souple et rassurant pour travailler avec vous sur le sujet le plus important : vous-m\u00eame.<br><\/p>\n\n\n\n<p class=\"has-text-align-center has-large-font-size\"><strong>Hypnoth\u00e9rapie<\/strong><\/p>\n\n\n\n<p class=\"has-text-align-left\">L&rsquo;hypnose est un \u00e9tat naturel pour l&rsquo;homme. Davantage encore c&rsquo;est un besoin. Notre esprit ne peut rester en \u00e9veil alors il se met en veille \u00e0 certains moments de la journ\u00e9e, tout en demeurant vigilant (\u00e9tat pr\u00e9c\u00e9dant l&rsquo;endormissement et le r\u00e9veil par exemple). Cet \u00e9tat d&rsquo;hypnose, induit lors d&rsquo;une hypnoth\u00e9rapie, est une ressource magnifique pour vous-m\u00eame car il permet d&rsquo;acc\u00e9der \u00e0 vos ressources int\u00e9rieures dans le respect de votre volont\u00e9 et en vue d&rsquo;un mieux-\u00eatre. Gr\u00e2ce \u00e0 ma formation \u00e0 l&rsquo;<a href=\"https:\/\/arepta.fr\/\" target=\"_blank\" rel=\"noreferrer noopener\">AREPTA<\/a> je suis en mesure de vous proposer cette approche douce et efficace, reconnue pour ses bienfaits par de nombreux professionnels de la sant\u00e9.<br><\/p>\n\n\n\n<p class=\"has-text-align-center has-large-font-size\"><strong>Code de d\u00e9ontologie<\/strong><\/p>\n\n\n\n<p class=\"has-text-align-left\">En tant que psychologue clinicienne dipl\u00f4m\u00e9e je m&rsquo;engage \u00e0 respecter le <a href=\"https:\/\/www.psychologue-legislation.com\/pdf\/code_deontologie_psychologues_2021.pdf\" target=\"_blank\" rel=\"noreferrer noopener\">Code de d\u00e9ontologie des psychologues<\/a>. Cela signifie que nos entretiens sont prot\u00e9g\u00e9s par le secret professionnel et je m&rsquo;engage \u00e0 exercer une \u00e9coute bienveillante et respectueuse de vos valeurs et convictions. Ma pratique est reconnue par l&rsquo;autorit\u00e9 de l&rsquo;<a href=\"https:\/\/www.ars.sante.fr\/\" target=\"_blank\" rel=\"noreferrer noopener\">Agence R\u00e9gionale de Sant\u00e9<\/a> et a pour unique objectif de vous offrir un accompagnement vers un mieux-vivre. Votre confiance et votre volont\u00e9 d&rsquo;\u00eatre acteur dans la th\u00e9rapie sont les meilleurs atouts de son efficacit\u00e9.<\/p>\n\n\n\n<p><\/p>\n","protected":false},"excerpt":{"rendered":"<p>Philosophie humaniste Form\u00e9e durant ma licence \u00e0 l&rsquo;anthropologie j&rsquo;ai acquis une compr\u00e9hension plus fine de l&rsquo;\u00eatre humain. Les cours d&rsquo;\u00e9thique m&rsquo;ont renforc\u00e9e dans le respect de chaque personne dans son individualit\u00e9 et dans sa dimension relationnelle. Psychologie clinique Form\u00e9e \u00e0 l&rsquo;Universit\u00e9 de Paris &#8211; Ren\u00e9 Descartes dans un Master de Psychologie clinique et psychopathologie j&rsquo;ai&#8230;<\/p>\n","protected":false},"author":1,"featured_media":0,"parent":165,"menu_order":1,"comment_status":"closed","ping_status":"closed","template":"","meta":{"_kad_post_transparent":"","_kad_post_title":"","_kad_post_layout":"","_kad_post_sidebar_id":"","_kad_post_content_style":"","_kad_post_vertical_padding":"","_kad_post_feature":"","_kad_post_feature_position":"","_kad_post_header":false,"_kad_post_footer":false,"_kad_post_classname":"","footnotes":""},"class_list":["post-90","page","type-page","status-publish","hentry"],"_links":{"self":[{"href":"https:\/\/billotblanche.fr\/index.php\/wp-json\/wp\/v2\/pages\/90","targetHints":{"allow":["GET"]}}],"collection":[{"href":"https:\/\/billotblanche.fr\/index.php\/wp-json\/wp\/v2\/pages"}],"about":[{"href":"https:\/\/billotblanche.fr\/index.php\/wp-json\/wp\/v2\/types\/page"}],"author":[{"embeddable":true,"href":"https:\/\/billotblanche.fr\/index.php\/wp-json\/wp\/v2\/users\/1"}],"replies":[{"embeddable":true,"href":"https:\/\/billotblanche.fr\/index.php\/wp-json\/wp\/v2\/comments?post=90"}],"version-history":[{"count":19,"href":"https:\/\/billotblanche.fr\/index.php\/wp-json\/wp\/v2\/pages\/90\/revisions"}],"predecessor-version":[{"id":225,"href":"https:\/\/billotblanche.fr\/index.php\/wp-json\/wp\/v2\/pages\/90\/revisions\/225"}],"up":[{"embeddable":true,"href":"https:\/\/billotblanche.fr\/index.php\/wp-json\/wp\/v2\/pages\/165"}],"wp:attachment":[{"href":"https:\/\/billotblanche.fr\/index.php\/wp-json\/wp\/v2\/media?parent=90"}],"curies":[{"name":"wp","href":"https:\/\/api.w.org\/{rel}","templated":true}]}}